{"id":25320,"date":"2021-04-12T20:41:34","date_gmt":"2021-04-12T20:41:34","guid":{"rendered":"https:\/\/santakosveterinarija.lt\/?page_id=25320"},"modified":"2021-04-13T19:09:10","modified_gmt":"2021-04-13T19:09:10","slug":"kraujo-donoryste","status":"publish","type":"page","link":"https:\/\/santakosveterinarija.lt\/?page_id=25320","title":{"rendered":"kraujo donoryst\u0117"},"content":{"rendered":"\t\t<div data-elementor-type=\"wp-page\" data-elementor-id=\"25320\" class=\"elementor elementor-25320\" data-elementor-settings=\"[]\">\n\t\t\t\t\t\t\t<div class=\"elementor-section-wrap\">\n\t\t\t\t\t\t\t<section class=\"elementor-section elementor-top-section elementor-element elementor-element-19aba6a elementor-section-boxed elementor-section-height-default elementor-section-height-default\" data-id=\"19aba6a\" data-element_type=\"section\">\n\t\t\t\t\t\t<div class=\"elementor-container elementor-column-gap-default\">\n\t\t\t\t\t<div class=\"elementor-column elementor-col-50 elementor-top-column elementor-element elementor-element-eafe0d0\" data-id=\"eafe0d0\" data-element_type=\"column\">\n\t\t\t<div class=\"elementor-widget-wrap elementor-element-populated\">\n\t\t\t\t\t\t\t\t<div class=\"elementor-element elementor-element-04c624a elementor-absolute elementor-widget elementor-widget-image\" data-id=\"04c624a\" data-element_type=\"widget\" data-settings=\"{&quot;_position&quot;:&quot;absolute&quot;}\" data-widget_type=\"image.default\">\n\t\t\t\t<div class=\"elementor-widget-container\">\n\t\t\t\t\t<div class=\"elementor-image\">\n\t\t\t\t\t\t\t\t\t\t<img loading=\"lazy\" decoding=\"async\" width=\"150\" height=\"150\" src=\"https:\/\/santakosveterinarija.lt\/wp-content\/uploads\/2021\/04\/cropped-Sitas-geriayus-150x150.png\" class=\"attachment-thumbnail size-thumbnail\" alt=\"\" \/>\t\t\t\t\t\t\t\t\t\t\t<\/div>\n\t\t\t\t<\/div>\n\t\t\t\t<\/div>\n\t\t\t\t<div class=\"elementor-element elementor-element-8286b11 elementor-absolute elementor-widget elementor-widget-text-editor\" data-id=\"8286b11\" data-element_type=\"widget\" data-settings=\"{&quot;_position&quot;:&quot;absolute&quot;}\" data-widget_type=\"text-editor.default\">\n\t\t\t\t<div class=\"elementor-widget-container\">\n\t\t\t\t\t<div class=\"elementor-text-editor elementor-clearfix\"><p><span style=\"color: #ff0000;\">Pad\u0117kite mums<\/span> <span style=\"color: #0000ff;\">pad\u0117ti gyv\u016bnams!<\/span><\/p><\/div>\n\t\t\t\t<\/div>\n\t\t\t\t<\/div>\n\t\t\t\t<div class=\"elementor-element elementor-element-543c7f6 elementor-widget__width-initial elementor-absolute elementor-widget elementor-widget-text-editor\" data-id=\"543c7f6\" data-element_type=\"widget\" data-settings=\"{&quot;_position&quot;:&quot;absolute&quot;}\" data-widget_type=\"text-editor.default\">\n\t\t\t\t<div class=\"elementor-widget-container\">\n\t\t\t\t\t<div class=\"elementor-text-editor elementor-clearfix\"><p style=\"text-align: center;\">Kraujo perpylimas yra da\u017ena proced\u016bra gydant gyv\u016bn\u0173 ma\u017eakraujyst\u0119 ar kraujo kre\u0161umo sutrikimus sukelian\u010dias prie\u017eastis (apsinuodijim\u0105 \u017eiurki\u0173 nuodais, erki\u0173 sukeliam\u0105 lig\u0105 &#8211; babezioz\u0119). Donor\u0173 kraujo da\u017enai prireikia netik\u0117tai, savaitgaliais ar nakt\u012f, tod\u0117l svarbu, kad gyv\u016bn\u0173 kraujo visada b\u016bt\u0173 saugomame kraujo banke.<\/p><\/div>\n\t\t\t\t<\/div>\n\t\t\t\t<\/div>\n\t\t\t\t\t<\/div>\n\t\t<\/div>\n\t\t\t\t<div class=\"elementor-column elementor-col-50 elementor-top-column elementor-element elementor-element-10683fc\" data-id=\"10683fc\" data-element_type=\"column\">\n\t\t\t<div class=\"elementor-widget-wrap elementor-element-populated\">\n\t\t\t\t\t\t\t\t<div class=\"elementor-element elementor-element-c3a60b3 elementor-widget elementor-widget-image\" data-id=\"c3a60b3\" data-element_type=\"widget\" data-widget_type=\"image.default\">\n\t\t\t\t<div class=\"elementor-widget-container\">\n\t\t\t\t\t<div class=\"elementor-image\">\n\t\t\t\t\t\t\t\t\t\t<img loading=\"lazy\" decoding=\"async\" width=\"722\" height=\"722\" src=\"https:\/\/santakosveterinarija.lt\/wp-content\/uploads\/2021\/04\/opt__aboutcom__coeus__resources__content_migration__mnn__images__2017__09__husky_dog_blood_bank-6f4ecdc4502941e2a46aea7d975c85a8-2.jpg\" class=\"attachment-large size-large\" alt=\"\" srcset=\"https:\/\/santakosveterinarija.lt\/wp-content\/uploads\/2021\/04\/opt__aboutcom__coeus__resources__content_migration__mnn__images__2017__09__husky_dog_blood_bank-6f4ecdc4502941e2a46aea7d975c85a8-2.jpg 722w, https:\/\/santakosveterinarija.lt\/wp-content\/uploads\/2021\/04\/opt__aboutcom__coeus__resources__content_migration__mnn__images__2017__09__husky_dog_blood_bank-6f4ecdc4502941e2a46aea7d975c85a8-2-300x300.jpg 300w, https:\/\/santakosveterinarija.lt\/wp-content\/uploads\/2021\/04\/opt__aboutcom__coeus__resources__content_migration__mnn__images__2017__09__husky_dog_blood_bank-6f4ecdc4502941e2a46aea7d975c85a8-2-150x150.jpg 150w\" sizes=\"auto, (max-width: 722px) 100vw, 722px\" \/>\t\t\t\t\t\t\t\t\t\t\t<\/div>\n\t\t\t\t<\/div>\n\t\t\t\t<\/div>\n\t\t\t\t\t<\/div>\n\t\t<\/div>\n\t\t\t\t\t\t\t<\/div>\n\t\t<\/section>\n\t\t\t\t<section class=\"elementor-section elementor-top-section elementor-element elementor-element-f689bad elementor-section-boxed elementor-section-height-default elementor-section-height-default\" data-id=\"f689bad\" data-element_type=\"section\">\n\t\t\t\t\t\t<div class=\"elementor-container elementor-column-gap-default\">\n\t\t\t\t\t<div class=\"elementor-column elementor-col-50 elementor-top-column elementor-element elementor-element-cae9086\" data-id=\"cae9086\" data-element_type=\"column\">\n\t\t\t<div class=\"elementor-widget-wrap elementor-element-populated\">\n\t\t\t\t\t\t\t\t<div class=\"elementor-element elementor-element-04296e7 elementor-widget elementor-widget-image\" data-id=\"04296e7\" data-element_type=\"widget\" data-widget_type=\"image.default\">\n\t\t\t\t<div class=\"elementor-widget-container\">\n\t\t\t\t\t<div class=\"elementor-image\">\n\t\t\t\t\t\t\t\t\t\t<img loading=\"lazy\" decoding=\"async\" width=\"540\" height=\"744\" src=\"https:\/\/santakosveterinarija.lt\/wp-content\/uploads\/2021\/04\/sita-fva.jpg\" class=\"attachment-large size-large\" alt=\"\" srcset=\"https:\/\/santakosveterinarija.lt\/wp-content\/uploads\/2021\/04\/sita-fva.jpg 540w, https:\/\/santakosveterinarija.lt\/wp-content\/uploads\/2021\/04\/sita-fva-218x300.jpg 218w\" sizes=\"auto, (max-width: 540px) 100vw, 540px\" \/>\t\t\t\t\t\t\t\t\t\t\t<\/div>\n\t\t\t\t<\/div>\n\t\t\t\t<\/div>\n\t\t\t\t\t<\/div>\n\t\t<\/div>\n\t\t\t\t<div class=\"elementor-column elementor-col-50 elementor-top-column elementor-element elementor-element-c84b23e\" data-id=\"c84b23e\" data-element_type=\"column\">\n\t\t\t<div class=\"elementor-widget-wrap elementor-element-populated\">\n\t\t\t\t\t\t\t\t<div class=\"elementor-element elementor-element-86acd53 elementor-absolute elementor-widget elementor-widget-text-editor\" data-id=\"86acd53\" data-element_type=\"widget\" data-settings=\"{&quot;_position&quot;:&quot;absolute&quot;}\" data-widget_type=\"text-editor.default\">\n\t\t\t\t<div class=\"elementor-widget-container\">\n\t\t\t\t\t<div class=\"elementor-text-editor elementor-clearfix\"><p><span style=\"color: #0000ff;\">\u0160UO<\/span> <span style=\"color: #ff0000;\">DONORAS!<\/span><\/p><\/div>\n\t\t\t\t<\/div>\n\t\t\t\t<\/div>\n\t\t\t\t<div class=\"elementor-element elementor-element-8b075bf elementor-widget__width-initial elementor-absolute elementor-widget elementor-widget-text-editor\" data-id=\"8b075bf\" data-element_type=\"widget\" data-settings=\"{&quot;_position&quot;:&quot;absolute&quot;}\" data-widget_type=\"text-editor.default\">\n\t\t\t\t<div class=\"elementor-widget-container\">\n\t\t\t\t\t<div class=\"elementor-text-editor elementor-clearfix\"><p style=\"text-align: center;\">Visi donorai turi b\u016bti laiku kompleksi\u0161kai skiepyti, sveiki, nesirg\u0119 erki\u0173 platinamomis ligomis, jiems nebuvo atliktas kraujo perpylimas. \u0160uo tur\u0117t\u0173 b\u016bti 1-8m. am\u017eiaus, sverti bent 25kg ar daugiau (netur\u0117t\u0173 b\u016bti nutuk\u0119s), yra draugi\u0161kas bei gal\u0117t\u0173 ramiai pagul\u0117ti apie 10min. kol bus imamas kraujas (iki 450ml). Proced\u016bra yra visi\u0161kai neskausminga, gali b\u016bti jau\u010diamas nedidelis diskomfortas kai duriama adata.<\/p><\/div>\n\t\t\t\t<\/div>\n\t\t\t\t<\/div>\n\t\t\t\t\t<\/div>\n\t\t<\/div>\n\t\t\t\t\t\t\t<\/div>\n\t\t<\/section>\n\t\t\t\t<section class=\"elementor-section elementor-top-section elementor-element elementor-element-5dc15a9 elementor-section-boxed elementor-section-height-default elementor-section-height-default\" data-id=\"5dc15a9\" data-element_type=\"section\">\n\t\t\t\t\t\t<div class=\"elementor-container elementor-column-gap-default\">\n\t\t\t\t\t<div class=\"elementor-column elementor-col-50 elementor-top-column elementor-element elementor-element-3659c7d\" data-id=\"3659c7d\" data-element_type=\"column\">\n\t\t\t<div class=\"elementor-widget-wrap elementor-element-populated\">\n\t\t\t\t\t\t\t\t<div class=\"elementor-element elementor-element-56e7633 elementor-widget__width-initial elementor-absolute elementor-widget elementor-widget-text-editor\" data-id=\"56e7633\" data-element_type=\"widget\" data-settings=\"{&quot;_position&quot;:&quot;absolute&quot;}\" data-widget_type=\"text-editor.default\">\n\t\t\t\t<div class=\"elementor-widget-container\">\n\t\t\t\t\t<div class=\"elementor-text-editor elementor-clearfix\"><p style=\"text-align: center;\">Pad\u0117kite i\u0161saugoti kito gyv\u016bn\u0117lio gyvyb\u0119! Visada J\u016bs\u0173 lauksime Santakos Veterinarijos klinikoje &#8211; <span style=\"color: #0000ff;\">Til\u017e\u0117s g. 10<\/span>! Norite u\u017esiregistruoti ar turite klausim\u0173? Skambinkite: <span style=\"color: #0000ff;\">+370 620 41484<\/span>, visada mielai atsakysime!<\/p><\/div>\n\t\t\t\t<\/div>\n\t\t\t\t<\/div>\n\t\t\t\t\t<\/div>\n\t\t<\/div>\n\t\t\t\t<div class=\"elementor-column elementor-col-50 elementor-top-column elementor-element elementor-element-3e6482a\" data-id=\"3e6482a\" data-element_type=\"column\">\n\t\t\t<div class=\"elementor-widget-wrap elementor-element-populated\">\n\t\t\t\t\t\t\t\t<div class=\"elementor-element elementor-element-f4d865e elementor-widget elementor-widget-image\" data-id=\"f4d865e\" data-element_type=\"widget\" data-widget_type=\"image.default\">\n\t\t\t\t<div class=\"elementor-widget-container\">\n\t\t\t\t\t<div class=\"elementor-image\">\n\t\t\t\t\t\t\t\t\t\t<img loading=\"lazy\" decoding=\"async\" width=\"908\" height=\"1024\" src=\"https:\/\/santakosveterinarija.lt\/wp-content\/uploads\/2021\/04\/as-tu-jis-ji-908x1024.jpg\" class=\"attachment-large size-large\" alt=\"\" srcset=\"https:\/\/santakosveterinarija.lt\/wp-content\/uploads\/2021\/04\/as-tu-jis-ji-908x1024.jpg 908w, https:\/\/santakosveterinarija.lt\/wp-content\/uploads\/2021\/04\/as-tu-jis-ji-266x300.jpg 266w, https:\/\/santakosveterinarija.lt\/wp-content\/uploads\/2021\/04\/as-tu-jis-ji-768x866.jpg 768w, https:\/\/santakosveterinarija.lt\/wp-content\/uploads\/2021\/04\/as-tu-jis-ji-1362x1536.jpg 1362w, https:\/\/santakosveterinarija.lt\/wp-content\/uploads\/2021\/04\/as-tu-jis-ji.jpg 1536w\" sizes=\"auto, (max-width: 908px) 100vw, 908px\" \/>\t\t\t\t\t\t\t\t\t\t\t<\/div>\n\t\t\t\t<\/div>\n\t\t\t\t<\/div>\n\t\t\t\t\t<\/div>\n\t\t<\/div>\n\t\t\t\t\t\t\t<\/div>\n\t\t<\/section>\n\t\t\t\t\t\t<\/div>\n\t\t\t\t\t<\/div>\n\t\t","protected":false},"excerpt":{"rendered":"<p>Pad\u0117kite mums pad\u0117ti gyv\u016bnams! Kraujo perpylimas yra da\u017ena proced\u016bra gydant gyv\u016bn\u0173 ma\u017eakraujyst\u0119 ar kraujo kre\u0161umo sutrikimus sukelian\u010dias prie\u017eastis (apsinuodijim\u0105 \u017eiurki\u0173 nuodais, erki\u0173 sukeliam\u0105 lig\u0105 &#8211; babezioz\u0119). Donor\u0173 kraujo da\u017enai prireikia netik\u0117tai, savaitgaliais ar nakt\u012f, tod\u0117l svarbu, kad gyv\u016bn\u0173 kraujo visada b\u016bt\u0173 saugomame kraujo banke. \u0160UO DONORAS! Visi donorai turi b\u016bti laiku kompleksi\u0161kai skiepyti, sveiki, nesirg\u0119 &hellip;<\/p>\n<p class=\"read-more\"> <a class=\"\" href=\"https:\/\/santakosveterinarija.lt\/?page_id=25320\"> <span class=\"screen-reader-text\">kraujo donoryst\u0117<\/span> Read More &raquo;<\/a><\/p>\n","protected":false},"author":1,"featured_media":0,"parent":0,"menu_order":0,"comment_status":"closed","ping_status":"closed","template":"","meta":{"_monsterinsights_skip_tracking":false,"_monsterinsights_sitenote_active":false,"_monsterinsights_sitenote_note":"","_monsterinsights_sitenote_category":0,"footnotes":""},"class_list":["post-25320","page","type-page","status-publish","hentry"],"_links":{"self":[{"href":"https:\/\/santakosveterinarija.lt\/index.php?rest_route=\/wp\/v2\/pages\/25320","targetHints":{"allow":["GET"]}}],"collection":[{"href":"https:\/\/santakosveterinarija.lt\/index.php?rest_route=\/wp\/v2\/pages"}],"about":[{"href":"https:\/\/santakosveterinarija.lt\/index.php?rest_route=\/wp\/v2\/types\/page"}],"author":[{"embeddable":true,"href":"https:\/\/santakosveterinarija.lt\/index.php?rest_route=\/wp\/v2\/users\/1"}],"replies":[{"embeddable":true,"href":"https:\/\/santakosveterinarija.lt\/index.php?rest_route=%2Fwp%2Fv2%2Fcomments&post=25320"}],"version-history":[{"count":40,"href":"https:\/\/santakosveterinarija.lt\/index.php?rest_route=\/wp\/v2\/pages\/25320\/revisions"}],"predecessor-version":[{"id":25577,"href":"https:\/\/santakosveterinarija.lt\/index.php?rest_route=\/wp\/v2\/pages\/25320\/revisions\/25577"}],"wp:attachment":[{"href":"https:\/\/santakosveterinarija.lt\/index.php?rest_route=%2Fwp%2Fv2%2Fmedia&parent=25320"}],"curies":[{"name":"wp","href":"https:\/\/api.w.org\/{rel}","templated":true}]}}