{"id":25408,"date":"2021-04-13T13:47:26","date_gmt":"2021-04-13T13:47:26","guid":{"rendered":"https:\/\/santakosveterinarija.lt\/?page_id=25408"},"modified":"2025-06-08T19:40:45","modified_gmt":"2025-06-08T19:40:45","slug":"akcijos","status":"publish","type":"page","link":"https:\/\/santakosveterinarija.lt\/?page_id=25408","title":{"rendered":"Akcijos"},"content":{"rendered":"\t\t<div data-elementor-type=\"wp-page\" data-elementor-id=\"25408\" class=\"elementor elementor-25408\" data-elementor-settings=\"[]\">\n\t\t\t\t\t\t\t<div class=\"elementor-section-wrap\">\n\t\t\t\t\t\t\t<section class=\"elementor-section elementor-top-section elementor-element elementor-element-9162e05 elementor-section-boxed elementor-section-height-default elementor-section-height-default\" data-id=\"9162e05\" data-element_type=\"section\">\n\t\t\t\t\t\t<div class=\"elementor-container elementor-column-gap-default\">\n\t\t\t\t\t<div class=\"elementor-column elementor-col-50 elementor-top-column elementor-element elementor-element-545e971\" data-id=\"545e971\" data-element_type=\"column\">\n\t\t\t<div class=\"elementor-widget-wrap elementor-element-populated\">\n\t\t\t\t\t\t\t\t<div class=\"elementor-element elementor-element-3b315bd elementor-absolute elementor-widget elementor-widget-text-editor\" data-id=\"3b315bd\" data-element_type=\"widget\" data-settings=\"{&quot;_position&quot;:&quot;absolute&quot;}\" data-widget_type=\"text-editor.default\">\n\t\t\t\t<div class=\"elementor-widget-container\">\n\t\t\t\t\t<div class=\"elementor-text-editor elementor-clearfix\"><p><span style=\"color: #0000ff;\">M\u0117nesio<\/span> <span style=\"color: #ff0000;\">pasi\u016blymas!<\/span><\/p><\/div>\n\t\t\t\t<\/div>\n\t\t\t\t<\/div>\n\t\t\t\t<div class=\"elementor-element elementor-element-32718ac elementor-absolute elementor-widget elementor-widget-image\" data-id=\"32718ac\" data-element_type=\"widget\" data-settings=\"{&quot;_position&quot;:&quot;absolute&quot;}\" data-widget_type=\"image.default\">\n\t\t\t\t<div class=\"elementor-widget-container\">\n\t\t\t\t\t<div class=\"elementor-image\">\n\t\t\t\t\t\t\t\t\t\t<img loading=\"lazy\" decoding=\"async\" width=\"150\" height=\"150\" src=\"https:\/\/santakosveterinarija.lt\/wp-content\/uploads\/2021\/04\/Sitas-geriayus-1-150x150.png\" class=\"attachment-thumbnail size-thumbnail\" alt=\"\" \/>\t\t\t\t\t\t\t\t\t\t\t<\/div>\n\t\t\t\t<\/div>\n\t\t\t\t<\/div>\n\t\t\t\t\t<\/div>\n\t\t<\/div>\n\t\t\t\t<div class=\"elementor-column elementor-col-50 elementor-top-column elementor-element elementor-element-8f91329\" data-id=\"8f91329\" data-element_type=\"column\">\n\t\t\t<div class=\"elementor-widget-wrap elementor-element-populated\">\n\t\t\t\t\t\t\t\t<div class=\"elementor-element elementor-element-2705538 elementor-absolute elementor-widget__width-initial elementor-widget elementor-widget-image\" data-id=\"2705538\" data-element_type=\"widget\" data-settings=\"{&quot;_position&quot;:&quot;absolute&quot;}\" data-widget_type=\"image.default\">\n\t\t\t\t<div class=\"elementor-widget-container\">\n\t\t\t\t\t<div class=\"elementor-image\">\n\t\t\t\t\t\t\t\t\t\t<img decoding=\"async\" src=\"https:\/\/santakosveterinarija.lt\/wp-content\/uploads\/2023\/03\/313883418_522374626568536_8294114749591680802_n.jpg\" title=\"313883418_522374626568536_8294114749591680802_n\" alt=\"313883418_522374626568536_8294114749591680802_n\" \/>\t\t\t\t\t\t\t\t\t\t\t<\/div>\n\t\t\t\t<\/div>\n\t\t\t\t<\/div>\n\t\t\t\t\t<\/div>\n\t\t<\/div>\n\t\t\t\t\t\t\t<\/div>\n\t\t<\/section>\n\t\t\t\t<section class=\"elementor-section elementor-top-section elementor-element elementor-element-b1532a5 elementor-section-boxed elementor-section-height-default elementor-section-height-default\" data-id=\"b1532a5\" data-element_type=\"section\">\n\t\t\t\t\t\t<div class=\"elementor-container elementor-column-gap-default\">\n\t\t\t\t\t<div class=\"elementor-column elementor-col-100 elementor-top-column elementor-element elementor-element-b345acc\" data-id=\"b345acc\" data-element_type=\"column\">\n\t\t\t<div class=\"elementor-widget-wrap elementor-element-populated\">\n\t\t\t\t\t\t\t\t<div class=\"elementor-element elementor-element-95b7f12 elementor-widget elementor-widget-spacer\" data-id=\"95b7f12\" data-element_type=\"widget\" data-widget_type=\"spacer.default\">\n\t\t\t\t<div class=\"elementor-widget-container\">\n\t\t\t\t\t<div class=\"elementor-spacer\">\n\t\t\t<div class=\"elementor-spacer-inner\"><\/div>\n\t\t<\/div>\n\t\t\t\t<\/div>\n\t\t\t\t<\/div>\n\t\t\t\t<div class=\"elementor-element elementor-element-c62f480 elementor-widget__width-initial elementor-absolute elementor-widget elementor-widget-text-editor\" data-id=\"c62f480\" data-element_type=\"widget\" data-settings=\"{&quot;_position&quot;:&quot;absolute&quot;}\" data-widget_type=\"text-editor.default\">\n\t\t\t\t<div class=\"elementor-widget-container\">\n\t\t\t\t\t<div class=\"elementor-text-editor elementor-clearfix\"><div dir=\"auto\"><div dir=\"auto\"><div dir=\"auto\"><div dir=\"auto\"><span class=\"html-span xexx8yu xyri2b x18d9i69 x1c1uobl x1hl2dhg x16tdsg8 x1vvkbs x3nfvp2 x1j61x8r x1fcty0u xdj266r xat24cr xm2jcoa x1mpyi22 xxymvpz xlup9mm x1kky2od\"><img loading=\"lazy\" decoding=\"async\" class=\"xz74otr x168nmei x13lgxp2 x5pf9jr xo71vjh\" src=\"https:\/\/static.xx.fbcdn.net\/images\/emoji.php\/v9\/t40\/1\/16\/1f4a5.png\" alt=\"\ud83d\udca5\" width=\"16\" height=\"16\" \/><\/span>AKCIJA!!<span class=\"html-span xexx8yu xyri2b x18d9i69 x1c1uobl x1hl2dhg x16tdsg8 x1vvkbs x3nfvp2 x1j61x8r x1fcty0u xdj266r xat24cr xm2jcoa x1mpyi22 xxymvpz xlup9mm x1kky2od\"><img loading=\"lazy\" decoding=\"async\" class=\"xz74otr x168nmei x13lgxp2 x5pf9jr xo71vjh\" src=\"https:\/\/static.xx.fbcdn.net\/images\/emoji.php\/v9\/t40\/1\/16\/1f4a5.png\" alt=\"\ud83d\udca5\" width=\"16\" height=\"16\" \/><\/span><span class=\"html-span xexx8yu xyri2b x18d9i69 x1c1uobl x1hl2dhg x16tdsg8 x1vvkbs x3nfvp2 x1j61x8r x1fcty0u xdj266r xat24cr xm2jcoa x1mpyi22 xxymvpz xlup9mm x1kky2od\"><img loading=\"lazy\" decoding=\"async\" class=\"xz74otr x168nmei x13lgxp2 x5pf9jr xo71vjh\" src=\"https:\/\/static.xx.fbcdn.net\/images\/emoji.php\/v9\/t3e\/1\/16\/1f4a3.png\" alt=\"\ud83d\udca3\" width=\"16\" height=\"16\" \/><\/span><\/div><div dir=\"auto\">Vis\u0105 bir\u017eelio bei liepos m\u0117nes\u012f Santakos veterinarijos klinikoje taikoma 30proc. nuolaida gyv\u016bn\u0173 burnos higienai!!<span class=\"html-span xexx8yu xyri2b x18d9i69 x1c1uobl x1hl2dhg x16tdsg8 x1vvkbs x3nfvp2 x1j61x8r x1fcty0u xdj266r xat24cr xm2jcoa x1mpyi22 xxymvpz xlup9mm x1kky2od\"><img loading=\"lazy\" decoding=\"async\" class=\"xz74otr x168nmei x13lgxp2 x5pf9jr xo71vjh\" src=\"https:\/\/static.xx.fbcdn.net\/images\/emoji.php\/v9\/t50\/1\/16\/2757.png\" alt=\"\u2757\ufe0f\" width=\"16\" height=\"16\" \/><\/span><span class=\"html-span xexx8yu xyri2b x18d9i69 x1c1uobl x1hl2dhg x16tdsg8 x1vvkbs x3nfvp2 x1j61x8r x1fcty0u xdj266r xat24cr xm2jcoa x1mpyi22 xxymvpz xlup9mm x1kky2od\"><img loading=\"lazy\" decoding=\"async\" class=\"xz74otr x168nmei x13lgxp2 x5pf9jr xo71vjh\" src=\"https:\/\/static.xx.fbcdn.net\/images\/emoji.php\/v9\/td0\/1\/16\/1f448.png\" alt=\"\ud83d\udc48\" width=\"16\" height=\"16\" \/><\/span> Suskubkite pasinaudoti \u0161ia akcija!<\/div><div dir=\"auto\">Jeigu jau\u010diate nemalon\u0173 kvap\u0105 i\u0161 augintini\u0173 burnos, pasteb\u0117jote geltonai rudas apna\u0161as ant dant\u0173 &#8211; pasinaudokite m\u016bs\u0173 klinikoje taikoma AKCIJA! Sveiki ir \u0161var\u016bs gyv\u016bno dantys=laimingas \u0161eimininkas<span class=\"html-span xexx8yu xyri2b x18d9i69 x1c1uobl x1hl2dhg x16tdsg8 x1vvkbs x3nfvp2 x1j61x8r x1fcty0u xdj266r xat24cr xm2jcoa x1mpyi22 xxymvpz xlup9mm x1kky2od\"><img loading=\"lazy\" decoding=\"async\" class=\"xz74otr x168nmei x13lgxp2 x5pf9jr xo71vjh\" src=\"https:\/\/static.xx.fbcdn.net\/images\/emoji.php\/v9\/t40\/1\/16\/261d.png\" alt=\"\u261d\ufe0f\" width=\"16\" height=\"16\" \/><\/span>.<\/div><\/div><\/div><\/div><\/div>\n\t\t\t\t<\/div>\n\t\t\t\t<\/div>\n\t\t\t\t\t<\/div>\n\t\t<\/div>\n\t\t\t\t\t\t\t<\/div>\n\t\t<\/section>\n\t\t\t\t<section class=\"elementor-section elementor-top-section elementor-element elementor-element-5a519f4 elementor-section-boxed elementor-section-height-default elementor-section-height-default\" data-id=\"5a519f4\" data-element_type=\"section\">\n\t\t\t\t\t\t<div class=\"elementor-container elementor-column-gap-default\">\n\t\t\t\t\t<div class=\"elementor-column elementor-col-100 elementor-top-column elementor-element elementor-element-5515d19\" data-id=\"5515d19\" data-element_type=\"column\">\n\t\t\t<div class=\"elementor-widget-wrap elementor-element-populated\">\n\t\t\t\t\t\t\t\t<div class=\"elementor-element elementor-element-9be5732 elementor-widget__width-initial elementor-absolute elementor-widget elementor-widget-text-editor\" data-id=\"9be5732\" data-element_type=\"widget\" data-settings=\"{&quot;_position&quot;:&quot;absolute&quot;}\" data-widget_type=\"text-editor.default\">\n\t\t\t\t<div class=\"elementor-widget-container\">\n\t\t\t\t\t<div class=\"elementor-text-editor elementor-clearfix\"><p>Visada laukiame J\u016bs\u0173 <span style=\"color: #ff0000;\">Til\u017e\u0117s<\/span> <span style=\"color: #0000ff;\">g.10!<\/span> Norite registruotis proced\u016brai ar turite kit\u0173 klausim\u0173? Skambinkite: <span style=\"color: #0000ff;\">+370 620 41484<\/span><\/p><\/div>\n\t\t\t\t<\/div>\n\t\t\t\t<\/div>\n\t\t\t\t\t<\/div>\n\t\t<\/div>\n\t\t\t\t\t\t\t<\/div>\n\t\t<\/section>\n\t\t\t\t<section class=\"elementor-section elementor-top-section elementor-element elementor-element-64424aa elementor-section-boxed elementor-section-height-default elementor-section-height-default\" data-id=\"64424aa\" data-element_type=\"section\">\n\t\t\t\t\t\t<div class=\"elementor-container elementor-column-gap-default\">\n\t\t\t\t\t<div class=\"elementor-column elementor-col-100 elementor-top-column elementor-element elementor-element-52587dd\" data-id=\"52587dd\" data-element_type=\"column\">\n\t\t\t<div class=\"elementor-widget-wrap elementor-element-populated\">\n\t\t\t\t\t\t\t\t<div class=\"elementor-element elementor-element-11e1244 elementor-widget-divider--view-line elementor-widget elementor-widget-divider\" data-id=\"11e1244\" data-element_type=\"widget\" data-widget_type=\"divider.default\">\n\t\t\t\t<div class=\"elementor-widget-container\">\n\t\t\t\t\t<div class=\"elementor-divider\">\n\t\t\t<span class=\"elementor-divider-separator\">\n\t\t\t\t\t\t<\/span>\n\t\t<\/div>\n\t\t\t\t<\/div>\n\t\t\t\t<\/div>\n\t\t\t\t\t<\/div>\n\t\t<\/div>\n\t\t\t\t\t\t\t<\/div>\n\t\t<\/section>\n\t\t\t\t\t\t<\/div>\n\t\t\t\t\t<\/div>\n\t\t","protected":false},"excerpt":{"rendered":"<p>M\u0117nesio pasi\u016blymas! AKCIJA!!Vis\u0105 bir\u017eelio bei liepos m\u0117nes\u012f Santakos veterinarijos klinikoje taikoma 30proc. nuolaida gyv\u016bn\u0173 burnos higienai!! Suskubkite pasinaudoti \u0161ia akcija!Jeigu jau\u010diate nemalon\u0173 kvap\u0105 i\u0161 augintini\u0173 burnos, pasteb\u0117jote geltonai rudas apna\u0161as ant dant\u0173 &#8211; pasinaudokite m\u016bs\u0173 klinikoje taikoma AKCIJA! Sveiki ir \u0161var\u016bs gyv\u016bno dantys=laimingas \u0161eimininkas. Visada laukiame J\u016bs\u0173 Til\u017e\u0117s g.10! Norite registruotis proced\u016brai ar turite kit\u0173 &hellip;<\/p>\n<p class=\"read-more\"> <a class=\"\" href=\"https:\/\/santakosveterinarija.lt\/?page_id=25408\"> <span class=\"screen-reader-text\">Akcijos<\/span> Read More &raquo;<\/a><\/p>\n","protected":false},"author":1,"featured_media":0,"parent":0,"menu_order":0,"comment_status":"closed","ping_status":"closed","template":"","meta":{"_monsterinsights_skip_tracking":false,"_monsterinsights_sitenote_active":false,"_monsterinsights_sitenote_note":"","_monsterinsights_sitenote_category":0,"footnotes":""},"class_list":["post-25408","page","type-page","status-publish","hentry"],"_links":{"self":[{"href":"https:\/\/santakosveterinarija.lt\/index.php?rest_route=\/wp\/v2\/pages\/25408","targetHints":{"allow":["GET"]}}],"collection":[{"href":"https:\/\/santakosveterinarija.lt\/index.php?rest_route=\/wp\/v2\/pages"}],"about":[{"href":"https:\/\/santakosveterinarija.lt\/index.php?rest_route=\/wp\/v2\/types\/page"}],"author":[{"embeddable":true,"href":"https:\/\/santakosveterinarija.lt\/index.php?rest_route=\/wp\/v2\/users\/1"}],"replies":[{"embeddable":true,"href":"https:\/\/santakosveterinarija.lt\/index.php?rest_route=%2Fwp%2Fv2%2Fcomments&post=25408"}],"version-history":[{"count":145,"href":"https:\/\/santakosveterinarija.lt\/index.php?rest_route=\/wp\/v2\/pages\/25408\/revisions"}],"predecessor-version":[{"id":26027,"href":"https:\/\/santakosveterinarija.lt\/index.php?rest_route=\/wp\/v2\/pages\/25408\/revisions\/26027"}],"wp:attachment":[{"href":"https:\/\/santakosveterinarija.lt\/index.php?rest_route=%2Fwp%2Fv2%2Fmedia&parent=25408"}],"curies":[{"name":"wp","href":"https:\/\/api.w.org\/{rel}","templated":true}]}}