{"id":31,"date":"2020-04-13T11:18:52","date_gmt":"2020-04-13T11:18:52","guid":{"rendered":"https:\/\/santakosveterinarija.lt\/?page_id=31"},"modified":"2024-05-02T14:10:24","modified_gmt":"2024-05-02T14:10:24","slug":"about","status":"publish","type":"page","link":"https:\/\/santakosveterinarija.lt\/?page_id=31","title":{"rendered":"About"},"content":{"rendered":"\t\t<div data-elementor-type=\"wp-page\" data-elementor-id=\"31\" class=\"elementor elementor-31\" data-elementor-settings=\"[]\">\n\t\t\t\t\t\t\t<div class=\"elementor-section-wrap\">\n\t\t\t\t\t\t\t<section class=\"elementor-section elementor-top-section elementor-element elementor-element-5131a13e elementor-section-full_width elementor-section-height-min-height elementor-section-height-default elementor-section-items-middle\" data-id=\"5131a13e\" data-element_type=\"section\" data-settings=\"{&quot;background_background&quot;:&quot;classic&quot;}\">\n\t\t\t\t\t\t\t<div class=\"elementor-background-overlay\"><\/div>\n\t\t\t\t\t\t\t<div class=\"elementor-container elementor-column-gap-default\">\n\t\t\t\t\t<div class=\"elementor-column elementor-col-100 elementor-top-column elementor-element elementor-element-1053ca7a\" data-id=\"1053ca7a\" data-element_type=\"column\">\n\t\t\t<div class=\"elementor-widget-wrap elementor-element-populated\">\n\t\t\t\t\t\t\t\t<div class=\"elementor-element elementor-element-3d99e122 elementor-absolute elementor-widget elementor-widget-heading\" data-id=\"3d99e122\" data-element_type=\"widget\" data-settings=\"{&quot;_position&quot;:&quot;absolute&quot;}\" data-widget_type=\"heading.default\">\n\t\t\t\t<div class=\"elementor-widget-container\">\n\t\t\t<h1 class=\"elementor-heading-title elementor-size-default\">Apie mus<\/h1>\t\t<\/div>\n\t\t\t\t<\/div>\n\t\t\t\t\t<\/div>\n\t\t<\/div>\n\t\t\t\t\t\t\t<\/div>\n\t\t<\/section>\n\t\t\t\t<section class=\"elementor-section elementor-top-section elementor-element elementor-element-40177ae0 elementor-section-height-min-height elementor-section-boxed elementor-section-height-default elementor-section-items-middle\" data-id=\"40177ae0\" data-element_type=\"section\">\n\t\t\t\t\t\t<div class=\"elementor-container elementor-column-gap-no\">\n\t\t\t\t\t<div class=\"elementor-column elementor-col-100 elementor-top-column elementor-element elementor-element-48096891\" data-id=\"48096891\" data-element_type=\"column\">\n\t\t\t<div class=\"elementor-widget-wrap elementor-element-populated\">\n\t\t\t\t\t\t\t\t<div class=\"elementor-element elementor-element-4ec76f84 elementor-widget__width-initial elementor-absolute elementor-widget elementor-widget-heading\" data-id=\"4ec76f84\" data-element_type=\"widget\" data-settings=\"{&quot;_position&quot;:&quot;absolute&quot;}\" data-widget_type=\"heading.default\">\n\t\t\t\t<div class=\"elementor-widget-container\">\n\t\t\t<h2 class=\"elementor-heading-title elementor-size-medium\">Santakos Veterinarijos klinika<\/h2>\t\t<\/div>\n\t\t\t\t<\/div>\n\t\t\t\t<div class=\"elementor-element elementor-element-a51fd34 elementor-absolute elementor-widget elementor-widget-image\" data-id=\"a51fd34\" data-element_type=\"widget\" data-settings=\"{&quot;_position&quot;:&quot;absolute&quot;}\" data-widget_type=\"image.default\">\n\t\t\t\t<div class=\"elementor-widget-container\">\n\t\t\t\t\t<div class=\"elementor-image\">\n\t\t\t\t\t\t\t\t\t\t<img loading=\"lazy\" decoding=\"async\" width=\"150\" height=\"150\" src=\"https:\/\/santakosveterinarija.lt\/wp-content\/uploads\/2021\/04\/cropped-Sitas-geriayus-150x150.png\" class=\"attachment-thumbnail size-thumbnail\" alt=\"\" \/>\t\t\t\t\t\t\t\t\t\t\t<\/div>\n\t\t\t\t<\/div>\n\t\t\t\t<\/div>\n\t\t\t\t<div class=\"elementor-element elementor-element-63f8031 elementor-widget__width-initial elementor-absolute elementor-widget elementor-widget-text-editor\" data-id=\"63f8031\" data-element_type=\"widget\" data-settings=\"{&quot;_position&quot;:&quot;absolute&quot;}\" data-widget_type=\"text-editor.default\">\n\t\t\t\t<div class=\"elementor-widget-container\">\n\t\t\t\t\t<div class=\"elementor-text-editor elementor-clearfix\"><p style=\"text-align: center;\">Esame \u012fsik\u016br\u0119 netoli Neries ir Nemuno upi\u0173 santakos, Til\u017e\u0117s g. 10, Kaune, Vilijampol\u0117s mikrorajone. Mes u\u017esiimame smulki\u0173 gyv\u016bn\u0173 lig\u0173 diagnozavimu bei gydymu (terapiniu ir chirurginiu), \u0161eimink\u0173 konsultacijomis, pa\u0161ar\u0173 ir zoopreki\u0173 prekyba. Turime \u0161un\u0173 kraujo bank\u0105, taip pat teikiama gyv\u016bn\u0173 vie\u0161bu\u010dio paslauga.<\/p><\/div>\n\t\t\t\t<\/div>\n\t\t\t\t<\/div>\n\t\t\t\t<div class=\"elementor-element elementor-element-752a9bb elementor-absolute elementor-widget elementor-widget-image\" data-id=\"752a9bb\" data-element_type=\"widget\" data-settings=\"{&quot;_position&quot;:&quot;absolute&quot;}\" data-widget_type=\"image.default\">\n\t\t\t\t<div class=\"elementor-widget-container\">\n\t\t\t\t\t<div class=\"elementor-image\">\n\t\t\t\t\t\t\t\t\t\t<img loading=\"lazy\" decoding=\"async\" width=\"226\" height=\"300\" src=\"https:\/\/santakosveterinarija.lt\/wp-content\/uploads\/2021\/04\/88042721_2689879164578288_7408836375354540032_n-226x300.png\" class=\"attachment-medium size-medium\" alt=\"\" srcset=\"https:\/\/santakosveterinarija.lt\/wp-content\/uploads\/2021\/04\/88042721_2689879164578288_7408836375354540032_n-226x300.png 226w, https:\/\/santakosveterinarija.lt\/wp-content\/uploads\/2021\/04\/88042721_2689879164578288_7408836375354540032_n.png 682w\" sizes=\"auto, (max-width: 226px) 100vw, 226px\" \/>\t\t\t\t\t\t\t\t\t\t\t<\/div>\n\t\t\t\t<\/div>\n\t\t\t\t<\/div>\n\t\t\t\t<div class=\"elementor-element elementor-element-733a907 elementor-absolute elementor-widget elementor-widget-image\" data-id=\"733a907\" data-element_type=\"widget\" data-settings=\"{&quot;_position&quot;:&quot;absolute&quot;}\" data-widget_type=\"image.default\">\n\t\t\t\t<div class=\"elementor-widget-container\">\n\t\t\t\t\t<div class=\"elementor-image\">\n\t\t\t\t\t\t\t\t\t\t<img loading=\"lazy\" decoding=\"async\" width=\"201\" height=\"300\" src=\"https:\/\/santakosveterinarija.lt\/wp-content\/uploads\/2021\/04\/fgdsgswgsg-201x300.jpg\" class=\"attachment-medium size-medium\" alt=\"\" srcset=\"https:\/\/santakosveterinarija.lt\/wp-content\/uploads\/2021\/04\/fgdsgswgsg-201x300.jpg 201w, https:\/\/santakosveterinarija.lt\/wp-content\/uploads\/2021\/04\/fgdsgswgsg.jpg 640w\" sizes=\"auto, (max-width: 201px) 100vw, 201px\" \/>\t\t\t\t\t\t\t\t\t\t\t<\/div>\n\t\t\t\t<\/div>\n\t\t\t\t<\/div>\n\t\t\t\t<div class=\"elementor-element elementor-element-d7e1d86 elementor-widget__width-initial elementor-absolute elementor-widget elementor-widget-image\" data-id=\"d7e1d86\" data-element_type=\"widget\" data-settings=\"{&quot;_position&quot;:&quot;absolute&quot;}\" data-widget_type=\"image.default\">\n\t\t\t\t<div class=\"elementor-widget-container\">\n\t\t\t\t\t<div class=\"elementor-image\">\n\t\t\t\t\t\t\t\t\t\t<img loading=\"lazy\" decoding=\"async\" width=\"768\" height=\"960\" src=\"https:\/\/santakosveterinarija.lt\/wp-content\/uploads\/2021\/04\/143483765_2972607212972147_1232127451417566962_n-768x960.jpg\" class=\"attachment-medium_large size-medium_large\" alt=\"\" srcset=\"https:\/\/santakosveterinarija.lt\/wp-content\/uploads\/2021\/04\/143483765_2972607212972147_1232127451417566962_n-768x960.jpg 768w, https:\/\/santakosveterinarija.lt\/wp-content\/uploads\/2021\/04\/143483765_2972607212972147_1232127451417566962_n-240x300.jpg 240w, https:\/\/santakosveterinarija.lt\/wp-content\/uploads\/2021\/04\/143483765_2972607212972147_1232127451417566962_n-819x1024.jpg 819w, https:\/\/santakosveterinarija.lt\/wp-content\/uploads\/2021\/04\/143483765_2972607212972147_1232127451417566962_n-1229x1536.jpg 1229w, https:\/\/santakosveterinarija.lt\/wp-content\/uploads\/2021\/04\/143483765_2972607212972147_1232127451417566962_n.jpg 1440w\" sizes=\"auto, (max-width: 768px) 100vw, 768px\" \/>\t\t\t\t\t\t\t\t\t\t\t<\/div>\n\t\t\t\t<\/div>\n\t\t\t\t<\/div>\n\t\t\t\t<div class=\"elementor-element elementor-element-bba8b93 elementor-widget__width-initial elementor-absolute elementor-widget elementor-widget-text-editor\" data-id=\"bba8b93\" data-element_type=\"widget\" data-settings=\"{&quot;_position&quot;:&quot;absolute&quot;}\" data-widget_type=\"text-editor.default\">\n\t\t\t\t<div class=\"elementor-widget-container\">\n\t\t\t\t\t<div class=\"elementor-text-editor elementor-clearfix\"><p>Jau 6 metus s\u0117kmingai gydome gyv\u016bnus!<\/p><\/div>\n\t\t\t\t<\/div>\n\t\t\t\t<\/div>\n\t\t\t\t<div class=\"elementor-element elementor-element-58e271b elementor-widget__width-initial elementor-absolute elementor-widget elementor-widget-image\" data-id=\"58e271b\" data-element_type=\"widget\" data-settings=\"{&quot;_position&quot;:&quot;absolute&quot;}\" data-widget_type=\"image.default\">\n\t\t\t\t<div class=\"elementor-widget-container\">\n\t\t\t\t\t<div class=\"elementor-image\">\n\t\t\t\t\t\t\t\t\t\t<img loading=\"lazy\" decoding=\"async\" width=\"960\" height=\"960\" src=\"https:\/\/santakosveterinarija.lt\/wp-content\/uploads\/2021\/04\/168275757_3020955208137347_8870979540578550917_n-1.jpg\" class=\"attachment-large size-large\" alt=\"\" srcset=\"https:\/\/santakosveterinarija.lt\/wp-content\/uploads\/2021\/04\/168275757_3020955208137347_8870979540578550917_n-1.jpg 960w, https:\/\/santakosveterinarija.lt\/wp-content\/uploads\/2021\/04\/168275757_3020955208137347_8870979540578550917_n-1-300x300.jpg 300w, https:\/\/santakosveterinarija.lt\/wp-content\/uploads\/2021\/04\/168275757_3020955208137347_8870979540578550917_n-1-150x150.jpg 150w, https:\/\/santakosveterinarija.lt\/wp-content\/uploads\/2021\/04\/168275757_3020955208137347_8870979540578550917_n-1-768x768.jpg 768w\" sizes=\"auto, (max-width: 960px) 100vw, 960px\" \/>\t\t\t\t\t\t\t\t\t\t\t<\/div>\n\t\t\t\t<\/div>\n\t\t\t\t<\/div>\n\t\t\t\t\t<\/div>\n\t\t<\/div>\n\t\t\t\t\t\t\t<\/div>\n\t\t<\/section>\n\t\t\t\t<section class=\"elementor-section elementor-top-section elementor-element elementor-element-13864ac elementor-section-boxed elementor-section-height-default elementor-section-height-default\" data-id=\"13864ac\" data-element_type=\"section\">\n\t\t\t\t\t\t<div class=\"elementor-container elementor-column-gap-default\">\n\t\t\t\t\t<div class=\"elementor-column elementor-col-100 elementor-top-column elementor-element elementor-element-d8bbecf\" data-id=\"d8bbecf\" data-element_type=\"column\">\n\t\t\t<div class=\"elementor-widget-wrap\">\n\t\t\t\t\t\t\t\t\t<\/div>\n\t\t<\/div>\n\t\t\t\t\t\t\t<\/div>\n\t\t<\/section>\n\t\t\t\t<section class=\"elementor-section elementor-top-section elementor-element elementor-element-f8ab299 elementor-section-boxed elementor-section-height-default elementor-section-height-default\" data-id=\"f8ab299\" data-element_type=\"section\">\n\t\t\t\t\t\t<div class=\"elementor-container elementor-column-gap-default\">\n\t\t\t\t\t<div class=\"elementor-column elementor-col-100 elementor-top-column elementor-element elementor-element-658e371\" data-id=\"658e371\" data-element_type=\"column\">\n\t\t\t<div class=\"elementor-widget-wrap\">\n\t\t\t\t\t\t\t\t\t<\/div>\n\t\t<\/div>\n\t\t\t\t\t\t\t<\/div>\n\t\t<\/section>\n\t\t\t\t<section class=\"elementor-section elementor-top-section elementor-element elementor-element-a044aa7 elementor-section-boxed elementor-section-height-default elementor-section-height-default\" data-id=\"a044aa7\" data-element_type=\"section\">\n\t\t\t\t\t\t<div class=\"elementor-container elementor-column-gap-default\">\n\t\t\t\t\t<div class=\"elementor-column elementor-col-100 elementor-top-column elementor-element elementor-element-6ca7245\" data-id=\"6ca7245\" data-element_type=\"column\">\n\t\t\t<div class=\"elementor-widget-wrap\">\n\t\t\t\t\t\t\t\t\t<\/div>\n\t\t<\/div>\n\t\t\t\t\t\t\t<\/div>\n\t\t<\/section>\n\t\t\t\t<section class=\"elementor-section elementor-top-section elementor-element elementor-element-bfde295 elementor-section-boxed elementor-section-height-default elementor-section-height-default\" data-id=\"bfde295\" data-element_type=\"section\">\n\t\t\t\t\t\t<div class=\"elementor-container elementor-column-gap-default\">\n\t\t\t\t\t<div class=\"elementor-column elementor-col-100 elementor-top-column elementor-element elementor-element-7c794b5\" data-id=\"7c794b5\" data-element_type=\"column\">\n\t\t\t<div class=\"elementor-widget-wrap\">\n\t\t\t\t\t\t\t\t\t<\/div>\n\t\t<\/div>\n\t\t\t\t\t\t\t<\/div>\n\t\t<\/section>\n\t\t\t\t<section class=\"elementor-section elementor-top-section elementor-element elementor-element-ed90e85 elementor-section-boxed elementor-section-height-default elementor-section-height-default\" data-id=\"ed90e85\" data-element_type=\"section\">\n\t\t\t\t\t\t<div class=\"elementor-container elementor-column-gap-default\">\n\t\t\t\t\t<div class=\"elementor-column elementor-col-100 elementor-top-column elementor-element elementor-element-658641e\" data-id=\"658641e\" data-element_type=\"column\">\n\t\t\t<div class=\"elementor-widget-wrap elementor-element-populated\">\n\t\t\t\t\t\t\t\t<div class=\"elementor-element elementor-element-d868f67 elementor-absolute elementor-widget elementor-widget-button\" data-id=\"d868f67\" data-element_type=\"widget\" data-settings=\"{&quot;_position&quot;:&quot;absolute&quot;}\" data-widget_type=\"button.default\">\n\t\t\t\t<div class=\"elementor-widget-container\">\n\t\t\t\t\t<div class=\"elementor-button-wrapper\">\n\t\t\t<a href=\"https:\/\/santakosveterinarija.lt\/?page_id=25514\" class=\"elementor-button-link elementor-button elementor-size-sm\" role=\"button\">\n\t\t\t\t\t\t<span class=\"elementor-button-content-wrapper\">\n\t\t\t\t\t\t<span class=\"elementor-button-text\">Galerija<\/span>\n\t\t<\/span>\n\t\t\t\t\t<\/a>\n\t\t<\/div>\n\t\t\t\t<\/div>\n\t\t\t\t<\/div>\n\t\t\t\t<div class=\"elementor-element elementor-element-4e968d8 elementor-widget elementor-widget-spacer\" data-id=\"4e968d8\" data-element_type=\"widget\" data-widget_type=\"spacer.default\">\n\t\t\t\t<div class=\"elementor-widget-container\">\n\t\t\t\t\t<div class=\"elementor-spacer\">\n\t\t\t<div class=\"elementor-spacer-inner\"><\/div>\n\t\t<\/div>\n\t\t\t\t<\/div>\n\t\t\t\t<\/div>\n\t\t\t\t\t<\/div>\n\t\t<\/div>\n\t\t\t\t\t\t\t<\/div>\n\t\t<\/section>\n\t\t\t\t\t\t<\/div>\n\t\t\t\t\t<\/div>\n\t\t","protected":false},"excerpt":{"rendered":"<p>Apie mus Santakos Veterinarijos klinika Esame \u012fsik\u016br\u0119 netoli Neries ir Nemuno upi\u0173 santakos, Til\u017e\u0117s g. 10, Kaune, Vilijampol\u0117s mikrorajone. Mes u\u017esiimame smulki\u0173 gyv\u016bn\u0173 lig\u0173 diagnozavimu bei gydymu (terapiniu ir chirurginiu), \u0161eimink\u0173 konsultacijomis, pa\u0161ar\u0173 ir zoopreki\u0173 prekyba. Turime \u0161un\u0173 kraujo bank\u0105, taip pat teikiama gyv\u016bn\u0173 vie\u0161bu\u010dio paslauga. Jau 6 metus s\u0117kmingai gydome gyv\u016bnus! Galerija<\/p>\n","protected":false},"author":1,"featured_media":0,"parent":0,"menu_order":0,"comment_status":"closed","ping_status":"closed","template":"","meta":{"_monsterinsights_skip_tracking":false,"_monsterinsights_sitenote_active":false,"_monsterinsights_sitenote_note":"","_monsterinsights_sitenote_category":0,"footnotes":""},"class_list":["post-31","page","type-page","status-publish","hentry"],"_links":{"self":[{"href":"https:\/\/santakosveterinarija.lt\/index.php?rest_route=\/wp\/v2\/pages\/31","targetHints":{"allow":["GET"]}}],"collection":[{"href":"https:\/\/santakosveterinarija.lt\/index.php?rest_route=\/wp\/v2\/pages"}],"about":[{"href":"https:\/\/santakosveterinarija.lt\/index.php?rest_route=\/wp\/v2\/types\/page"}],"author":[{"embeddable":true,"href":"https:\/\/santakosveterinarija.lt\/index.php?rest_route=\/wp\/v2\/users\/1"}],"replies":[{"embeddable":true,"href":"https:\/\/santakosveterinarija.lt\/index.php?rest_route=%2Fwp%2Fv2%2Fcomments&post=31"}],"version-history":[{"count":84,"href":"https:\/\/santakosveterinarija.lt\/index.php?rest_route=\/wp\/v2\/pages\/31\/revisions"}],"predecessor-version":[{"id":25960,"href":"https:\/\/santakosveterinarija.lt\/index.php?rest_route=\/wp\/v2\/pages\/31\/revisions\/25960"}],"wp:attachment":[{"href":"https:\/\/santakosveterinarija.lt\/index.php?rest_route=%2Fwp%2Fv2%2Fmedia&parent=31"}],"curies":[{"name":"wp","href":"https:\/\/api.w.org\/{rel}","templated":true}]}}